{"id":5920,"date":"2023-11-26T16:05:01","date_gmt":"2023-11-26T16:05:01","guid":{"rendered":"https:\/\/cantina20.com\/?page_id=5920"},"modified":"2024-02-21T22:27:58","modified_gmt":"2024-02-21T22:27:58","slug":"nosotros","status":"publish","type":"page","link":"https:\/\/cantina20.com\/index.php\/nosotros\/","title":{"rendered":"Nosotros"},"content":{"rendered":"\t\t<div data-elementor-type=\"wp-page\" data-elementor-id=\"5920\" class=\"elementor elementor-5920\">\n\t\t\t\t<div class=\"elementor-element elementor-element-740bb632 e-flex e-con-boxed e-con e-parent\" data-id=\"740bb632\" data-element_type=\"container\" data-settings=\"{&quot;background_background&quot;:&quot;classic&quot;}\" data-core-v316-plus=\"true\">\n\t\t\t\t\t<div class=\"e-con-inner\">\n\t\t\t\t<div data-custom-animations=\"true\" data-ca-options=\"{&quot;addChildTimelines&quot;:false,&quot;animationTarget&quot;:&quot;:scope &gt; .elementor-widget-container&quot;,&quot;duration&quot;:300,&quot;delay&quot;:30,&quot;ease&quot;:&quot;circ.out&quot;,&quot;initValues&quot;:{&quot;x&quot;:&quot;-30px&quot;,&quot;y&quot;:&quot;10px&quot;,&quot;rotationX&quot;:20,&quot;opacity&quot;:0},&quot;animations&quot;:{&quot;x&quot;:&quot;0px&quot;,&quot;y&quot;:&quot;0px&quot;,&quot;rotationX&quot;:0,&quot;opacity&quot;:1}}\" class=\"elementor-element elementor-element-44c759ee elementor-widget elementor-widget-hub_fancy_heading\" data-id=\"44c759ee\" data-element_type=\"widget\" data-widget_type=\"hub_fancy_heading.default\">\n\t\t\t\t<div class=\"elementor-widget-container\">\n\t\t\t\n\t\t<div id=\"ld-fancy-heading-69e101c46edaa\" class=\"ld-fancy-heading pos-rel\">\n\t\t\t<h2 class=\"ld-fh-element d-inline-block pos-rel  elementor-heading-title lqd-highlight-classic lqd-highlight-grow-left h2\"  > Nosotros<\/h2>\t\t<\/div>\n\n\t\t\t\t<\/div>\n\t\t\t\t<\/div>\n\t\t\t\t<div class=\"elementor-element elementor-element-9e4f05d elementor-widget elementor-widget-image\" data-id=\"9e4f05d\" data-element_type=\"widget\" data-widget_type=\"image.default\">\n\t\t\t\t<div class=\"elementor-widget-container\">\n\t\t\t<style>\/*! elementor - v3.20.0 - 13-03-2024 *\/\n.elementor-widget-image{text-align:center}.elementor-widget-image a{display:inline-block}.elementor-widget-image a img[src$=\".svg\"]{width:48px}.elementor-widget-image img{vertical-align:middle;display:inline-block}<\/style>\t\t\t\t\t\t\t\t\t\t<img fetchpriority=\"high\" decoding=\"async\" width=\"780\" height=\"104\" src=\"https:\/\/cantina20.com\/wp-content\/uploads\/2024\/02\/Sin-titulo-1-02.png\" class=\"attachment-large size-large wp-image-6599\" alt=\"\" srcset=\"https:\/\/cantina20.com\/wp-content\/uploads\/2024\/02\/Sin-titulo-1-02.png 971w, https:\/\/cantina20.com\/wp-content\/uploads\/2024\/02\/Sin-titulo-1-02-300x40.png 300w\" sizes=\"(max-width: 780px) 100vw, 780px\" \/>\t\t\t\t\t\t\t\t\t\t\t\t\t<\/div>\n\t\t\t\t<\/div>\n\t\t\t\t\t<\/div>\n\t\t\t\t<\/div>\n\t\t<div class=\"elementor-element elementor-element-c2fbfb6 elementor-hidden-desktop elementor-hidden-tablet e-flex e-con-boxed e-con e-parent\" data-id=\"c2fbfb6\" data-element_type=\"container\" data-settings=\"{&quot;background_background&quot;:&quot;classic&quot;}\" data-core-v316-plus=\"true\">\n\t\t\t\t\t<div class=\"e-con-inner\">\n\t\t\t\t<div class=\"elementor-element elementor-element-aaab4c5 elementor-widget elementor-widget-image\" data-id=\"aaab4c5\" data-element_type=\"widget\" data-widget_type=\"image.default\">\n\t\t\t\t<div class=\"elementor-widget-container\">\n\t\t\t\t\t\t\t\t\t\t\t\t\t<img decoding=\"async\" width=\"780\" height=\"174\" src=\"data:image\/svg+xml;charset=utf-8,%3Csvg xmlns%3D&#039;http%3A%2F%2Fwww.w3.org%2F2000%2Fsvg&#039; viewBox%3D&#039;0 0 1024 228&#039;%2F%3E\" class=\"attachment-large size-large wp-image-6193 ld-lazyload\" alt=\"\" data-src=\"https:\/\/cantina20.com\/wp-content\/uploads\/2024\/01\/movil-001-03-1-1-1024x228.png\" data-srcset=\"https:\/\/cantina20.com\/wp-content\/uploads\/2024\/01\/movil-001-03-1-1-1024x228.png 1024w, https:\/\/cantina20.com\/wp-content\/uploads\/2024\/01\/movil-001-03-1-1-300x67.png 300w, https:\/\/cantina20.com\/wp-content\/uploads\/2024\/01\/movil-001-03-1-1-1536x342.png 1536w, https:\/\/cantina20.com\/wp-content\/uploads\/2024\/01\/movil-001-03-1-1-2048x456.png 2048w\" data-sizes=\"(max-width: 780px) 100vw, 780px\" data-aspect=\"4.4912280701754\" \/>\t\t\t\t\t\t\t\t\t\t\t\t\t<\/div>\n\t\t\t\t<\/div>\n\t\t\t\t<div class=\"elementor-element elementor-element-b06b56d elementor-widget elementor-widget-text-editor\" data-id=\"b06b56d\" data-element_type=\"widget\" data-widget_type=\"text-editor.default\">\n\t\t\t\t<div class=\"elementor-widget-container\">\n\t\t\t<style>\/*! elementor - v3.20.0 - 13-03-2024 *\/\n.elementor-widget-text-editor.elementor-drop-cap-view-stacked .elementor-drop-cap{background-color:#69727d;color:#fff}.elementor-widget-text-editor.elementor-drop-cap-view-framed .elementor-drop-cap{color:#69727d;border:3px solid;background-color:transparent}.elementor-widget-text-editor:not(.elementor-drop-cap-view-default) .elementor-drop-cap{margin-top:8px}.elementor-widget-text-editor:not(.elementor-drop-cap-view-default) .elementor-drop-cap-letter{width:1em;height:1em}.elementor-widget-text-editor .elementor-drop-cap{float:left;text-align:center;line-height:1;font-size:50px}.elementor-widget-text-editor .elementor-drop-cap-letter{display:inline-block}<\/style>\t\t\t\t<p><span style=\"color: #ffffff;\">Ubicado en el coraz\u00f3n de M\u00e9xico, <span style=\"color: #cbb88a;\"><strong>Cantina La 20<\/strong><\/span> es un testimonio de la rica herencia culinaria del pa\u00eds. Celebrando 14 a\u00f1os de existencia, este ic\u00f3nico <span style=\"color: #cbb88a;\"><strong>restaurante mexicano<\/strong><\/span> se ha convertido en un destino apreciado tanto por locales como por turistas, ofreciendo una mezcla \u00fanica de sabores tradicionales, platos innovadores y una cocteler\u00eda incomparable.<\/span><\/p><p><span style=\"color: #ffffff;\">Cantina 20 abri\u00f3 sus puertas en 2010, fundada por el visionario restaurantero<span style=\"color: #cbb88a;\"><strong> Alberto Cinta<\/strong><\/span>. Inspir\u00e1ndose en la vibrante cultura y tradiciones culinarias de M\u00e9xico, el establecimiento ten\u00eda como objetivo crear una <span style=\"color: #cbb88a;\"><strong>experiencia gastron\u00f3mica<\/strong><\/span> inversiva que transportara a los clientes al coraz\u00f3n de la hospitalidad mexicana.<\/span><\/p>\t\t\t\t\t\t<\/div>\n\t\t\t\t<\/div>\n\t\t\t\t<div class=\"elementor-element elementor-element-1d20c05 elementor-widget elementor-widget-image\" data-id=\"1d20c05\" data-element_type=\"widget\" data-widget_type=\"image.default\">\n\t\t\t\t<div class=\"elementor-widget-container\">\n\t\t\t\t\t\t\t\t\t\t\t\t\t<img decoding=\"async\" width=\"683\" height=\"1024\" src=\"data:image\/svg+xml;charset=utf-8,%3Csvg xmlns%3D&#039;http%3A%2F%2Fwww.w3.org%2F2000%2Fsvg&#039; viewBox%3D&#039;0 0 683 1024&#039;%2F%3E\" class=\"attachment-large size-large wp-image-6249 ld-lazyload\" alt=\"\" data-src=\"https:\/\/cantina20.com\/wp-content\/uploads\/2024\/01\/CANTINA-LA-VEINTE-NOVIEMBRE-61-min-683x1024.jpg\" data-srcset=\"https:\/\/cantina20.com\/wp-content\/uploads\/2024\/01\/CANTINA-LA-VEINTE-NOVIEMBRE-61-min-683x1024.jpg 683w, https:\/\/cantina20.com\/wp-content\/uploads\/2024\/01\/CANTINA-LA-VEINTE-NOVIEMBRE-61-min-200x300.jpg 200w, https:\/\/cantina20.com\/wp-content\/uploads\/2024\/01\/CANTINA-LA-VEINTE-NOVIEMBRE-61-min-1024x1536.jpg 1024w, https:\/\/cantina20.com\/wp-content\/uploads\/2024\/01\/CANTINA-LA-VEINTE-NOVIEMBRE-61-min-1365x2048.jpg 1365w\" data-sizes=\"(max-width: 683px) 100vw, 683px\" data-aspect=\"0.6669921875\" \/>\t\t\t\t\t\t\t\t\t\t\t\t\t<\/div>\n\t\t\t\t<\/div>\n\t\t\t\t<div class=\"elementor-element elementor-element-1b6ceab elementor-widget elementor-widget-text-editor\" data-id=\"1b6ceab\" data-element_type=\"widget\" data-widget_type=\"text-editor.default\">\n\t\t\t\t<div class=\"elementor-widget-container\">\n\t\t\t\t\t\t\t<p><span style=\"color: #ffffff;\">Adem\u00e1s de su destreza culinaria, <span style=\"color: #cbb88a;\"><strong>Cantina La 20<\/strong><\/span> se ha ganado una reputaci\u00f3n por su excelente cocteler\u00eda. El personal del bar, capacitado por algunos de los mejores de la industria, elabora de manera experta una amplia variedad de c\u00f3cteles que complementan perfectamente los <span style=\"color: #cbb88a;\"><strong>atrevidos sabores<\/strong><\/span> del men\u00fa. Desde margaritas cl\u00e1sicas hasta brebajes creativos a base de tequila, el bar de Cantina La 20 es un para\u00edso para los entusiastas de los c\u00f3cteles que buscan una experiencia de bebida mexicana verdaderamente aut\u00e9ntica.<\/span><\/p>\t\t\t\t\t\t<\/div>\n\t\t\t\t<\/div>\n\t\t\t\t<div class=\"elementor-element elementor-element-c0a12f4 elementor-widget elementor-widget-image\" data-id=\"c0a12f4\" data-element_type=\"widget\" data-widget_type=\"image.default\">\n\t\t\t\t<div class=\"elementor-widget-container\">\n\t\t\t\t\t\t\t\t\t\t\t\t\t<img loading=\"lazy\" decoding=\"async\" width=\"780\" height=\"727\" src=\"data:image\/svg+xml;charset=utf-8,%3Csvg xmlns%3D&#039;http%3A%2F%2Fwww.w3.org%2F2000%2Fsvg&#039; viewBox%3D&#039;0 0 1000 932&#039;%2F%3E\" class=\"attachment-large size-large wp-image-6171 ld-lazyload\" alt=\"\" data-src=\"https:\/\/cantina20.com\/wp-content\/uploads\/2024\/01\/LA-20-AGOSTO-FOTOS-OK-53-copy-2.jpg\" data-srcset=\"https:\/\/cantina20.com\/wp-content\/uploads\/2024\/01\/LA-20-AGOSTO-FOTOS-OK-53-copy-2.jpg 1000w, https:\/\/cantina20.com\/wp-content\/uploads\/2024\/01\/LA-20-AGOSTO-FOTOS-OK-53-copy-2-300x280.jpg 300w\" data-sizes=\"(max-width: 780px) 100vw, 780px\" data-aspect=\"1.0729613733906\" \/>\t\t\t\t\t\t\t\t\t\t\t\t\t<\/div>\n\t\t\t\t<\/div>\n\t\t\t\t<div class=\"elementor-element elementor-element-1ecfb5f elementor-widget elementor-widget-text-editor\" data-id=\"1ecfb5f\" data-element_type=\"widget\" data-widget_type=\"text-editor.default\">\n\t\t\t\t<div class=\"elementor-widget-container\">\n\t\t\t\t\t\t\t<p><span style=\"color: #ffffff;\">Ninguna visita a Cantina La 20 est\u00e1 completa sin las conmovedoras melod\u00edas de los <span style=\"color: #cbb88a;\"><strong>m\u00fasicos residentes<\/strong>.<\/span> Estos talentosos m\u00fasicos a\u00f1aden una capa adicional de autenticidad a la <span style=\"color: #cbb88a;\"><strong>experiencia gastron\u00f3mica<\/strong><\/span>, brindando una serenata a los invitados con melod\u00edas tradicionales mexicanas. El ambiente animado y festivo creado realza el ambiente general, haciendo de Cantina La 20 un destino no s\u00f3lo para los entusiastas de la comida sino tambi\u00e9n para aquellos que buscan una verdadera <span style=\"color: #cbb88a;\"><strong>inmersi\u00f3n cultural<\/strong><\/span>.<\/span><\/p>\t\t\t\t\t\t<\/div>\n\t\t\t\t<\/div>\n\t\t\t\t\t<\/div>\n\t\t\t\t<\/div>\n\t\t<div class=\"elementor-element elementor-element-f58c674 elementor-hidden-mobile e-flex e-con-boxed e-con e-parent\" data-id=\"f58c674\" data-element_type=\"container\" data-settings=\"{&quot;background_background&quot;:&quot;classic&quot;}\" data-core-v316-plus=\"true\">\n\t\t\t\t\t<div class=\"e-con-inner\">\n\t\t<div class=\"elementor-element elementor-element-6705942 e-con-full e-flex e-con e-child\" data-id=\"6705942\" data-element_type=\"container\">\n\t\t\t\t<div class=\"elementor-element elementor-element-c35b762 elementor-widget elementor-widget-image\" data-id=\"c35b762\" data-element_type=\"widget\" data-widget_type=\"image.default\">\n\t\t\t\t<div class=\"elementor-widget-container\">\n\t\t\t\t\t\t\t\t\t\t\t\t\t<img decoding=\"async\" width=\"780\" height=\"174\" src=\"data:image\/svg+xml;charset=utf-8,%3Csvg xmlns%3D&#039;http%3A%2F%2Fwww.w3.org%2F2000%2Fsvg&#039; viewBox%3D&#039;0 0 1024 228&#039;%2F%3E\" class=\"attachment-large size-large wp-image-6193 ld-lazyload\" alt=\"\" data-src=\"https:\/\/cantina20.com\/wp-content\/uploads\/2024\/01\/movil-001-03-1-1-1024x228.png\" data-srcset=\"https:\/\/cantina20.com\/wp-content\/uploads\/2024\/01\/movil-001-03-1-1-1024x228.png 1024w, https:\/\/cantina20.com\/wp-content\/uploads\/2024\/01\/movil-001-03-1-1-300x67.png 300w, https:\/\/cantina20.com\/wp-content\/uploads\/2024\/01\/movil-001-03-1-1-1536x342.png 1536w, https:\/\/cantina20.com\/wp-content\/uploads\/2024\/01\/movil-001-03-1-1-2048x456.png 2048w\" data-sizes=\"(max-width: 780px) 100vw, 780px\" data-aspect=\"4.4912280701754\" \/>\t\t\t\t\t\t\t\t\t\t\t\t\t<\/div>\n\t\t\t\t<\/div>\n\t\t\t\t<div class=\"elementor-element elementor-element-3bf4153 elementor-hidden-mobile elementor-widget elementor-widget-text-editor\" data-id=\"3bf4153\" data-element_type=\"widget\" data-widget_type=\"text-editor.default\">\n\t\t\t\t<div class=\"elementor-widget-container\">\n\t\t\t\t\t\t\t<p>Ubicado en el coraz\u00f3n de M\u00e9xico, <span style=\"color: #cbb88a;\"><strong>Cantina La 20<\/strong> <\/span>es un testimonio de la rica herencia culinaria del pa\u00eds. Celebrando 14 a\u00f1os de existencia, este ic\u00f3nico <span style=\"color: #cbb88a;\"><strong>restaurante mexicano<\/strong><\/span> se ha convertido en un destino apreciado tanto por locales como por turistas, ofreciendo una mezcla \u00fanica de sabores tradicionales, platos innovadores y una cocteler\u00eda incomparable.<\/p><p>Cantina 20 abri\u00f3 sus puertas en 2010, fundada por el visionario restaurantero<span style=\"color: #cbb88a;\"><strong> Alberto Cinta<\/strong><\/span>. Inspir\u00e1ndose en la vibrante cultura y tradiciones culinarias de M\u00e9xico, el establecimiento ten\u00eda como objetivo crear una <strong>experiencia gastron\u00f3mica<\/strong> inversiva que transportara a los clientes al coraz\u00f3n de la hospitalidad mexicana.<\/p>\t\t\t\t\t\t<\/div>\n\t\t\t\t<\/div>\n\t\t\t\t<\/div>\n\t\t<div class=\"elementor-element elementor-element-3e88415 e-con-full e-flex e-con e-child\" data-id=\"3e88415\" data-element_type=\"container\" data-settings=\"{&quot;background_background&quot;:&quot;classic&quot;}\">\n\t\t\t\t<\/div>\n\t\t\t\t\t<\/div>\n\t\t\t\t<\/div>\n\t\t<div class=\"elementor-element elementor-element-b7f9be9 elementor-hidden-mobile e-flex e-con-boxed e-con e-parent\" data-id=\"b7f9be9\" data-element_type=\"container\" data-settings=\"{&quot;background_background&quot;:&quot;classic&quot;}\" data-core-v316-plus=\"true\">\n\t\t\t\t\t<div class=\"e-con-inner\">\n\t\t<div class=\"elementor-element elementor-element-77edd40 e-con-full e-flex e-con e-child\" data-id=\"77edd40\" data-element_type=\"container\">\n\t\t\t\t<\/div>\n\t\t<div class=\"elementor-element elementor-element-a521dd1 e-con-full e-flex e-con e-child\" data-id=\"a521dd1\" data-element_type=\"container\" data-settings=\"{&quot;background_background&quot;:&quot;classic&quot;}\">\n\t\t\t\t<div class=\"elementor-element elementor-element-857cc8b elementor-hidden-mobile elementor-widget elementor-widget-text-editor\" data-id=\"857cc8b\" data-element_type=\"widget\" data-widget_type=\"text-editor.default\">\n\t\t\t\t<div class=\"elementor-widget-container\">\n\t\t\t\t\t\t\t<p>Adem\u00e1s de su destreza culinaria, <strong><span style=\"color: #cbb88a;\">Cantina La 20<\/span><\/strong> se ha ganado una reputaci\u00f3n por su excelente cocteler\u00eda. El personal del bar, capacitado por algunos de los mejores de la industria, elabora de manera experta una amplia variedad de c\u00f3cteles que complementan perfectamente los <strong><span style=\"color: #cbb88a;\">atrevidos sabores<\/span><\/strong> del men\u00fa. Desde margaritas cl\u00e1sicas hasta brebajes creativos a base de tequila, el bar de Cantina La 20 es un para\u00edso para los entusiastas de los c\u00f3cteles que buscan una experiencia de bebida mexicana verdaderamente aut\u00e9ntica.<\/p>\t\t\t\t\t\t<\/div>\n\t\t\t\t<\/div>\n\t\t\t\t<\/div>\n\t\t\t\t\t<\/div>\n\t\t\t\t<\/div>\n\t\t<div class=\"elementor-element elementor-element-da169c9 elementor-hidden-mobile e-flex e-con-boxed e-con e-parent\" data-id=\"da169c9\" data-element_type=\"container\" data-settings=\"{&quot;background_background&quot;:&quot;classic&quot;}\" data-core-v316-plus=\"true\">\n\t\t\t\t\t<div class=\"e-con-inner\">\n\t\t<div class=\"elementor-element elementor-element-d006292 e-con-full e-flex e-con e-child\" data-id=\"d006292\" data-element_type=\"container\">\n\t\t\t\t<div class=\"elementor-element elementor-element-bf0fb72 elementor-hidden-mobile elementor-widget elementor-widget-text-editor\" data-id=\"bf0fb72\" data-element_type=\"widget\" data-widget_type=\"text-editor.default\">\n\t\t\t\t<div class=\"elementor-widget-container\">\n\t\t\t\t\t\t\t<p>Ninguna visita a Cantina La 20 est\u00e1 completa sin las conmovedoras melod\u00edas de los <strong><span style=\"color: #cbb88a;\">m\u00fasicos residentes<\/span><\/strong>. Estos talentosos m\u00fasicos a\u00f1aden una capa adicional de autenticidad a la <strong><span style=\"color: #cbb88a;\">experiencia gastron\u00f3mica<\/span><\/strong>, brindando una serenata a los invitados con melod\u00edas tradicionales mexicanas. El ambiente animado y festivo creado realza el ambiente general, haciendo de Cantina La 20 un destino no s\u00f3lo para los entusiastas de la comida sino tambi\u00e9n para aquellos que buscan una verdadera <strong><span style=\"color: #cbb88a;\">inmersi\u00f3n cultural<\/span><\/strong>.<\/p>\t\t\t\t\t\t<\/div>\n\t\t\t\t<\/div>\n\t\t\t\t<\/div>\n\t\t<div class=\"elementor-element elementor-element-d33dc12 e-con-full e-flex e-con e-child\" data-id=\"d33dc12\" data-element_type=\"container\" data-settings=\"{&quot;background_background&quot;:&quot;classic&quot;}\">\n\t\t\t\t<\/div>\n\t\t\t\t\t<\/div>\n\t\t\t\t<\/div>\n\t\t<div class=\"elementor-element elementor-element-424ec0f e-flex e-con-boxed e-con e-parent\" data-id=\"424ec0f\" data-element_type=\"container\" data-settings=\"{&quot;background_background&quot;:&quot;classic&quot;}\" data-core-v316-plus=\"true\">\n\t\t\t\t\t<div class=\"e-con-inner\">\n\t\t\t\t<div class=\"elementor-element elementor-element-8986853 elementor-widget elementor-widget-html\" data-id=\"8986853\" data-element_type=\"widget\" data-widget_type=\"html.default\">\n\t\t\t\t<div class=\"elementor-widget-container\">\n\t\t\t<script src=\"https:\/\/static.elfsight.com\/platform\/platform.js\" data-use-service-core defer><\/script>\n<div class=\"elfsight-app-74955dad-b74d-4034-bb84-438cd3b59abc\"><\/div>\t\t<\/div>\n\t\t\t\t<\/div>\n\t\t\t\t\t<\/div>\n\t\t\t\t<\/div>\n\t\t\t\t<\/div>\n\t\t","protected":false},"excerpt":{"rendered":"<p>Nosotros Ubicado en el coraz\u00f3n de M\u00e9xico, Cantina La 20 es un testimonio de la rica herencia culinaria del pa\u00eds. Celebrando 14 a\u00f1os de existencia, este ic\u00f3nico restaurante mexicano se ha convertido en un destino apreciado tanto por locales como por turistas, ofreciendo una mezcla \u00fanica de sabores tradicionales, platos innovadores y una cocteler\u00eda incomparable. [&hellip;]<\/p>\n","protected":false},"author":1,"featured_media":0,"parent":0,"menu_order":0,"comment_status":"closed","ping_status":"closed","template":"","meta":{"footnotes":""},"class_list":["post-5920","page","type-page","status-publish","hentry"],"_links":{"self":[{"href":"https:\/\/cantina20.com\/index.php\/wp-json\/wp\/v2\/pages\/5920","targetHints":{"allow":["GET"]}}],"collection":[{"href":"https:\/\/cantina20.com\/index.php\/wp-json\/wp\/v2\/pages"}],"about":[{"href":"https:\/\/cantina20.com\/index.php\/wp-json\/wp\/v2\/types\/page"}],"author":[{"embeddable":true,"href":"https:\/\/cantina20.com\/index.php\/wp-json\/wp\/v2\/users\/1"}],"replies":[{"embeddable":true,"href":"https:\/\/cantina20.com\/index.php\/wp-json\/wp\/v2\/comments?post=5920"}],"version-history":[{"count":79,"href":"https:\/\/cantina20.com\/index.php\/wp-json\/wp\/v2\/pages\/5920\/revisions"}],"predecessor-version":[{"id":7113,"href":"https:\/\/cantina20.com\/index.php\/wp-json\/wp\/v2\/pages\/5920\/revisions\/7113"}],"wp:attachment":[{"href":"https:\/\/cantina20.com\/index.php\/wp-json\/wp\/v2\/media?parent=5920"}],"curies":[{"name":"wp","href":"https:\/\/api.w.org\/{rel}","templated":true}]}}